{"id":28,"date":"2011-11-21T19:56:34","date_gmt":"2011-11-21T18:56:34","guid":{"rendered":"https:\/\/kolborshult.de\/?page_id=28"},"modified":"2021-05-31T16:23:41","modified_gmt":"2021-05-31T14:23:41","slug":"ferienhaus","status":"publish","type":"page","link":"https:\/\/kolborshult.de\/?page_id=28","title":{"rendered":"Haus"},"content":{"rendered":"<h2>Architektur<\/h2>\n<div>\n<div><\/div>\n<\/div>\n<p>Das rote Holzhaus wurde im Jahre 2003 ganz in der Tradition alter schwedischer H\u00e4user gebaut, und die 140 m2 Platz erstrecken sich \u00fcber 2 Etagen. Es gibt alle modernen Bequemlichkeiten. 60 m2 Terrasse. Es ist f\u00fcr den ganzj\u00e4hrigen Gebrauch isoliert und hat elektrische Heizung und einen Ofen, d.h. es kann das ganze Jahr \u00fcber bewohnt werden. Es gibt WiFi im Haus.<\/p>\n<h2>Wohnzimmer und K\u00fcche<\/h2>\n<div>\n<div><\/div>\n<\/div>\n<p>Das Wohnzimmer hat eine Grundfl\u00e4che von 35 m2 und eine Deckenh\u00f6he von 2,70 m. Dank seiner Gro\u00dfz\u00fcgigkeit und der vielen Fenster wirkt es ger\u00e4umig, hell und freundlich. Das Wohnzimmer geht nach Westen hinaus, hat aber auch Fenster nach Norden und S\u00fcden und eine wunderbare Aussicht \u00fcber die Seen. Im Wohnzimmer befindet sich auch der leicht zu bedienende und praktische Ofen.<br \/>\nDie K\u00fcchenecke ist modern eingerichtet und bietet alles an technischen Ger\u00e4ten: Sp\u00fclmaschine, K\u00fchlschrank, Herd und Backofen. In der Waschk\u00fcche steht eine Waschmaschine.<\/p>\n<h2>Terrasse<\/h2>\n<div>\n<div><\/div>\n<\/div>\n<p>Die 60 m2 gro\u00dfe Terrasse geht nach S\u00fcden und Westen. Im Sommer hat man von morgens um 10 Uhr bis sp\u00e4t in den Abend hinein Sonne. Der breiteste Teil der Terrasse liegt direkt nach Westen mit Aussicht \u00fcber die Seen. Ein Nachmittag auf der Terrasse ist daher ein malerischer und friedvoller Genuss.<\/p>\n<h2>Bad und Sauna<\/h2>\n<div>\n<div><\/div>\n<\/div>\n<p>Das Badezimmer ist hell und ger\u00e4umig, hat neben dem Waschbecken auch eine Badewanne und eine Dusche und hat Bodenheizung. Die Sauna bietet Platz f\u00fcr 4 Personen und wird mit Holz beheizt. Die Brennkammer wird zu etwa drei Vierteln gef\u00fcllt, bis eine Temperatur von 80-90 Grad erreicht ist.<\/p>\n<h2>Das gro\u00dfe Schlafzimmer<\/h2>\n<div>\n<div><\/div>\n<\/div>\n<p>Der 36 m2 gro\u00dfe Raum ist m\u00f6bliert mit einem Doppelbett (160\u00d7200 cm). Dar\u00fcber hinaus hat es einen sch\u00f6nen Balkon nach Westen mit Seesicht. Dieses Zimmer kann daher sowohl als Schlafzimmer als auch als Wohnzimmer genutzt werden.<\/p>\n<h2>Die kleinen Schlafzimmer<\/h2>\n<div>\n<div><\/div>\n<\/div>\n<p>Sind 11 m2 und 15 m2 gro\u00df. In dem gr\u00f6\u00dferen der Zimmer stehen zwei Betten, von denen eins 90\u00d7200 cm und das andere 120\u00d7200 cm gro\u00df ist. In dem kleineren Zimmer stehen zwei Betten, beide von 90\u00d7200 cm. Beide Zimmer gehen nach Osten und haben die sch\u00f6nste Morgensonne.<\/p>\n<h2>Badesteg<\/h2>\n<div>\n<div><\/div>\n<\/div>\n<p>Von dem Badesteg kann man fast das ganze Jahr \u00fcber ins Wasser baden, und hier kann man sich von mittags bis abends sonnen. Man ist v\u00f6llig ungeniert und er ist daher auch f\u00fcr FKK bestens geeignet. Der Helge\u00e5 ist, je nach aktuellem Wasserstand, ungef\u00e4hr 1-1,5 m tief. Der Boden besteht aus fester Erde. Auch angeln kann man hier ganz hervorragend.<\/p>\n<h2>Grundriss<\/h2>\n<p><a href=\"https:\/\/kolborshult.de\/wp-content\/uploads\/2011\/11\/Ferienhaus-Schweden-grundriss-erdgeschoss.jpg\"><img loading=\"lazy\" class=\"alignleft size-full wp-image-102\" src=\"https:\/\/kolborshult.de\/wp-content\/uploads\/2011\/11\/Ferienhaus-Schweden-grundriss-erdgeschoss.jpg\" alt=\"Ferienhaus Schweden grundriss erdgeschoss\" width=\"488\" height=\"373\" srcset=\"https:\/\/kolborshult.de\/wp-content\/uploads\/2011\/11\/Ferienhaus-Schweden-grundriss-erdgeschoss.jpg 488w, https:\/\/kolborshult.de\/wp-content\/uploads\/2011\/11\/Ferienhaus-Schweden-grundriss-erdgeschoss-300x229.jpg 300w\" sizes=\"(max-width: 488px) 100vw, 488px\" \/><\/a><\/p>\n<p><a href=\"https:\/\/kolborshult.de\/wp-content\/uploads\/2011\/11\/Ferienhaus-Schweden-grundriss-obergeschoss.jpg\"><img loading=\"lazy\" class=\"alignleft size-full wp-image-103\" src=\"https:\/\/kolborshult.de\/wp-content\/uploads\/2011\/11\/Ferienhaus-Schweden-grundriss-obergeschoss.jpg\" alt=\"Ferienhaus Schweden grundriss obergeschoss\" width=\"465\" height=\"346\" srcset=\"https:\/\/kolborshult.de\/wp-content\/uploads\/2011\/11\/Ferienhaus-Schweden-grundriss-obergeschoss.jpg 465w, https:\/\/kolborshult.de\/wp-content\/uploads\/2011\/11\/Ferienhaus-Schweden-grundriss-obergeschoss-300x223.jpg 300w\" sizes=\"(max-width: 465px) 100vw, 465px\" \/><\/a><\/p>\n<h2>Satellitenbild<\/h2>\n<p><a href=\"https:\/\/kolborshult.de\/wp-content\/uploads\/2011\/11\/Satellitenbild-dem-gro\u00dfen-Grundst\u00fcck-mit-drei-private-Seen.jpg\"><img loading=\"lazy\" class=\"alignleft size-full wp-image-115\" src=\"https:\/\/kolborshult.de\/wp-content\/uploads\/2011\/11\/Satellitenbild-dem-gro\u00dfen-Grundst\u00fcck-mit-drei-private-Seen.jpg\" alt=\"Satellitenbild dem gro\u00dfen Grundst\u00fcck mit drei private Seen\" width=\"580\" height=\"435\" srcset=\"https:\/\/kolborshult.de\/wp-content\/uploads\/2011\/11\/Satellitenbild-dem-gro\u00dfen-Grundst\u00fcck-mit-drei-private-Seen.jpg 580w, https:\/\/kolborshult.de\/wp-content\/uploads\/2011\/11\/Satellitenbild-dem-gro\u00dfen-Grundst\u00fcck-mit-drei-private-Seen-300x225.jpg 300w\" sizes=\"(max-width: 580px) 100vw, 580px\" \/><\/a><\/p>\n<p><a href=\"https:\/\/kolborshult.de\/die-vier-jahreszeiten\">Weiter &gt;&gt;<\/a><\/p>\n","protected":false},"excerpt":{"rendered":"<p>Architektur Das rote Holzhaus wurde im Jahre 2003 ganz in der Tradition alter schwedischer H\u00e4user gebaut, und die 140 m2 Platz erstrecken sich \u00fcber 2 Etagen. Es gibt alle modernen Bequemlichkeiten. 60 m2 Terrasse. Es ist f\u00fcr den ganzj\u00e4hrigen Gebrauch isoliert und hat elektrische Heizung und einen Ofen, d.h. es kann das ganze Jahr \u00fcber &hellip; <\/p>\n<p class=\"link-more\"><a href=\"https:\/\/kolborshult.de\/?page_id=28\" class=\"more-link\">Continue reading<span class=\"screen-reader-text\"> &#8220;Haus&#8221;<\/span><\/a><\/p>\n","protected":false},"author":1,"featured_media":0,"parent":0,"menu_order":10,"comment_status":"closed","ping_status":"closed","template":"","meta":{"_monsterinsights_skip_tracking":false,"_monsterinsights_sitenote_active":false,"_monsterinsights_sitenote_note":"","_monsterinsights_sitenote_category":0},"_links":{"self":[{"href":"https:\/\/kolborshult.de\/index.php?rest_route=\/wp\/v2\/pages\/28"}],"collection":[{"href":"https:\/\/kolborshult.de\/index.php?rest_route=\/wp\/v2\/pages"}],"about":[{"href":"https:\/\/kolborshult.de\/index.php?rest_route=\/wp\/v2\/types\/page"}],"author":[{"embeddable":true,"href":"https:\/\/kolborshult.de\/index.php?rest_route=\/wp\/v2\/users\/1"}],"replies":[{"embeddable":true,"href":"https:\/\/kolborshult.de\/index.php?rest_route=%2Fwp%2Fv2%2Fcomments&post=28"}],"version-history":[{"count":54,"href":"https:\/\/kolborshult.de\/index.php?rest_route=\/wp\/v2\/pages\/28\/revisions"}],"predecessor-version":[{"id":724,"href":"https:\/\/kolborshult.de\/index.php?rest_route=\/wp\/v2\/pages\/28\/revisions\/724"}],"wp:attachment":[{"href":"https:\/\/kolborshult.de\/index.php?rest_route=%2Fwp%2Fv2%2Fmedia&parent=28"}],"curies":[{"name":"wp","href":"https:\/\/api.w.org\/{rel}","templated":true}]}}