{"id":50,"date":"2011-11-22T19:41:16","date_gmt":"2011-11-22T18:41:16","guid":{"rendered":"https:\/\/kolborshult.de\/?page_id=50"},"modified":"2018-11-07T20:28:25","modified_gmt":"2018-11-07T19:28:25","slug":"schweden-ferienhaus-am-see","status":"publish","type":"page","link":"https:\/\/kolborshult.de\/?page_id=50","title":{"rendered":"Natur"},"content":{"rendered":"<h2>Der Helge \u00e5<\/h2>\n<p><a href=\"https:\/\/kolborshult.de\/wp-content\/uploads\/2018\/11\/Helge-\u00c5-Fluss-JPG55-1200X800.jpg\"><img loading=\"lazy\" class=\"alignnone size-full wp-image-642\" src=\"https:\/\/kolborshult.de\/wp-content\/uploads\/2018\/11\/Helge-\u00c5-Fluss-JPG55-1200X800.jpg\" alt=\"\" width=\"1200\" height=\"800\" srcset=\"https:\/\/kolborshult.de\/wp-content\/uploads\/2018\/11\/Helge-\u00c5-Fluss-JPG55-1200X800.jpg 1200w, https:\/\/kolborshult.de\/wp-content\/uploads\/2018\/11\/Helge-\u00c5-Fluss-JPG55-1200X800-300x200.jpg 300w, https:\/\/kolborshult.de\/wp-content\/uploads\/2018\/11\/Helge-\u00c5-Fluss-JPG55-1200X800-768x512.jpg 768w, https:\/\/kolborshult.de\/wp-content\/uploads\/2018\/11\/Helge-\u00c5-Fluss-JPG55-1200X800-1024x683.jpg 1024w\" sizes=\"(max-width: 706px) 89vw, (max-width: 767px) 82vw, 740px\" \/><\/a><\/p>\n<p>Der Helge\u00e5 (auf schwedisch: Helge \u00c5 = Helge Fluss) ist der gr\u00f6\u00dfte Fluss Schonens, der durch eine Reihe von Seen \u00f6stlich von \u00c4lmhult verl\u00e4uft. Das Grundst\u00fcck grenzt an zwei Seiten direkt an den Helge\u00e5, \u00fcber eine Strecke von etwa einem halben Kilometer. Durch zwei Querverbindungen zwischen den Seen und dem Helge\u00e5 wird den Seen frisches Wasser zugef\u00fchrt.<\/p>\n<h2>V\u00f6gel<\/h2>\n<p><a href=\"https:\/\/kolborshult.de\/wp-content\/uploads\/2018\/11\/Kanadagans-JPG35-1200X800.jpg\"><img loading=\"lazy\" class=\"alignnone size-full wp-image-643\" src=\"https:\/\/kolborshult.de\/wp-content\/uploads\/2018\/11\/Kanadagans-JPG35-1200X800.jpg\" alt=\"\" width=\"1200\" height=\"800\" srcset=\"https:\/\/kolborshult.de\/wp-content\/uploads\/2018\/11\/Kanadagans-JPG35-1200X800.jpg 1200w, https:\/\/kolborshult.de\/wp-content\/uploads\/2018\/11\/Kanadagans-JPG35-1200X800-300x200.jpg 300w, https:\/\/kolborshult.de\/wp-content\/uploads\/2018\/11\/Kanadagans-JPG35-1200X800-768x512.jpg 768w, https:\/\/kolborshult.de\/wp-content\/uploads\/2018\/11\/Kanadagans-JPG35-1200X800-1024x683.jpg 1024w\" sizes=\"(max-width: 706px) 89vw, (max-width: 767px) 82vw, 740px\" \/><\/a><\/p>\n<p>Die Natur bieten gute Voraussetzungen f\u00fcr ein reiches Vogelleben. Die sch\u00f6nsten V\u00f6gel sind Kraniche, Fischadler, Fischreiher, Kanadag\u00e4nse, Graug\u00e4nse, Auerh\u00e4hne und Schw\u00e4ne. Auch eine Vielzahl an Entenv\u00f6geln haben wir, z.B. Schellente, Tauchente, Lappentaucher, Grauente und Stockente. Dar\u00fcber hinaus haben wir Eule, Eichelh\u00e4her, Specht, Amsel, Star und viele Sperlingsv\u00f6gel.<\/p>\n<h2>Fische<\/h2>\n<p><a href=\"https:\/\/kolborshult.de\/wp-content\/uploads\/2018\/11\/Fische-JPG65-1200X563.jpg\"><img loading=\"lazy\" class=\"alignnone size-full wp-image-645\" src=\"https:\/\/kolborshult.de\/wp-content\/uploads\/2018\/11\/Fische-JPG65-1200X563.jpg\" alt=\"\" width=\"1200\" height=\"563\" srcset=\"https:\/\/kolborshult.de\/wp-content\/uploads\/2018\/11\/Fische-JPG65-1200X563.jpg 1200w, https:\/\/kolborshult.de\/wp-content\/uploads\/2018\/11\/Fische-JPG65-1200X563-300x141.jpg 300w, https:\/\/kolborshult.de\/wp-content\/uploads\/2018\/11\/Fische-JPG65-1200X563-768x360.jpg 768w, https:\/\/kolborshult.de\/wp-content\/uploads\/2018\/11\/Fische-JPG65-1200X563-1024x480.jpg 1024w\" sizes=\"(max-width: 706px) 89vw, (max-width: 767px) 82vw, 740px\" \/><\/a><\/p>\n<p>In den Seen und im Helge\u00e5 lebt eine Vielfalt an Fischen, u.a. Forelle, Hecht, Barsch, Brachse, Quappe, Karpfen, Lachs, Rotauge, Schlei und Aal. In den Seen sind es Barsch, Brachse und Aal, die man am ehesten an den Haken bekommt. Neben dem Badesteg gibt es am Helge\u00e5 auch noch zwei Angelstege, die den G\u00e4sten zu Verf\u00fcgung stehen. Bis zu 9 kg Hechte wurden gefangen.<\/p>\n<h2>\u00dcbrige Fauna<\/h2>\n<p><a href=\"https:\/\/kolborshult.de\/wp-content\/uploads\/2018\/11\/\u00dcbrige-Fauna-JPG45-1200X800.jpg\"><img loading=\"lazy\" class=\"alignnone size-full wp-image-646\" src=\"https:\/\/kolborshult.de\/wp-content\/uploads\/2018\/11\/\u00dcbrige-Fauna-JPG45-1200X800.jpg\" alt=\"\" width=\"1200\" height=\"800\" srcset=\"https:\/\/kolborshult.de\/wp-content\/uploads\/2018\/11\/\u00dcbrige-Fauna-JPG45-1200X800.jpg 1200w, https:\/\/kolborshult.de\/wp-content\/uploads\/2018\/11\/\u00dcbrige-Fauna-JPG45-1200X800-300x200.jpg 300w, https:\/\/kolborshult.de\/wp-content\/uploads\/2018\/11\/\u00dcbrige-Fauna-JPG45-1200X800-768x512.jpg 768w, https:\/\/kolborshult.de\/wp-content\/uploads\/2018\/11\/\u00dcbrige-Fauna-JPG45-1200X800-1024x683.jpg 1024w\" sizes=\"(max-width: 706px) 89vw, (max-width: 767px) 82vw, 740px\" \/><\/a><\/p>\n<p>Auf dem Grundst\u00fcck und in den W\u00e4ldern lebt eine Vielzahl gr\u00f6\u00dferer und kleinerer Tiere, von denen der Elch wohl der bekannteste ist, und den wir sogar hier auf dem Grundst\u00fcck angetroffen haben. Ihn findet man zahlreich in der Umgebung, ebenso wie die Rehe, die besonders im Winter auf den vereisten Seen zu sehen sind (oder ihre Spuren im Schnee). An kleineren Tieren erlebt man nat\u00fcrlich Eichh\u00f6rnchen, Hasen, Kaninchen, F\u00fcchse und M\u00e4use. Wildschweine sind zwar sehr verbreitet, sind aber scheu und lassen sich typisch nicht sehen \u2013 aber man sieht, wo sie den Waldboden nach Futter durchw\u00fchlt haben.<\/p>\n<h2>Flora<\/h2>\n<p><a href=\"https:\/\/kolborshult.de\/wp-content\/uploads\/2018\/11\/Flora-JPG45-1200X800.jpg\"><img loading=\"lazy\" class=\"alignnone size-full wp-image-647\" src=\"https:\/\/kolborshult.de\/wp-content\/uploads\/2018\/11\/Flora-JPG45-1200X800.jpg\" alt=\"\" width=\"1200\" height=\"800\" srcset=\"https:\/\/kolborshult.de\/wp-content\/uploads\/2018\/11\/Flora-JPG45-1200X800.jpg 1200w, https:\/\/kolborshult.de\/wp-content\/uploads\/2018\/11\/Flora-JPG45-1200X800-300x200.jpg 300w, https:\/\/kolborshult.de\/wp-content\/uploads\/2018\/11\/Flora-JPG45-1200X800-768x512.jpg 768w, https:\/\/kolborshult.de\/wp-content\/uploads\/2018\/11\/Flora-JPG45-1200X800-1024x683.jpg 1024w\" sizes=\"(max-width: 706px) 89vw, (max-width: 767px) 82vw, 740px\" \/><\/a><\/p>\n<p>Die Flora der Umgebung und des Grundst\u00fccks ist ganz typisch f\u00fcr Sm\u00e5land. Bei den B\u00e4umen handelt es sich um Kiefer und Fichte, Eiche, Tanne, Birke, Esche, Weide, Zitter-Pappel und in den Feuchtgebieten wachsen Farn, Heidekraut, Erlen und Gagelstrauch. In der Pilzzeit gibt es reichliche Mengen von Pilzen, darunter gute Speisepilze wie Pfifferlinge, Steinpilze, Semmelstoppelpilze, Butterpilze und andre R\u00f6hrlinge. Auf dem Grundst\u00fcck und in den W\u00e4ldern kann man Blaubeeren, Himbeeren, Preiselbeeren und Brombeeren sammeln. Blumen gibt es in gro\u00dfer Zahl und in den Seen wachsen nat\u00fcrlich Schilf, Rohrkolben, Seerosen, Iris, Sumpfdotterblumen, Sumpfschafgarbe, Igelkolben, Sumpfziest, Blutwurz und Gelbe Teichrosen.<\/p>\n<p>&nbsp;<\/p>\n<p><a title=\"Aktivit\u00e4ten\" href=\"https:\/\/kolborshult.de\/ferienhaus-in-sudschweden-gasterfahrungen\">Weiter &gt;&gt;<\/a><\/p>\n","protected":false},"excerpt":{"rendered":"<p>Der Helge \u00e5 Der Helge\u00e5 (auf schwedisch: Helge \u00c5 = Helge Fluss) ist der gr\u00f6\u00dfte Fluss Schonens, der durch eine Reihe von Seen \u00f6stlich von \u00c4lmhult verl\u00e4uft. Das Grundst\u00fcck grenzt an zwei Seiten direkt an den Helge\u00e5, \u00fcber eine Strecke von etwa einem halben Kilometer. Durch zwei Querverbindungen zwischen den Seen und dem Helge\u00e5 wird &hellip; <\/p>\n<p class=\"link-more\"><a href=\"https:\/\/kolborshult.de\/?page_id=50\" class=\"more-link\">Continue reading<span class=\"screen-reader-text\"> &#8220;Natur&#8221;<\/span><\/a><\/p>\n","protected":false},"author":1,"featured_media":0,"parent":0,"menu_order":20,"comment_status":"closed","ping_status":"closed","template":"","meta":{"_monsterinsights_skip_tracking":false,"_monsterinsights_sitenote_active":false,"_monsterinsights_sitenote_note":"","_monsterinsights_sitenote_category":0},"_links":{"self":[{"href":"https:\/\/kolborshult.de\/index.php?rest_route=\/wp\/v2\/pages\/50"}],"collection":[{"href":"https:\/\/kolborshult.de\/index.php?rest_route=\/wp\/v2\/pages"}],"about":[{"href":"https:\/\/kolborshult.de\/index.php?rest_route=\/wp\/v2\/types\/page"}],"author":[{"embeddable":true,"href":"https:\/\/kolborshult.de\/index.php?rest_route=\/wp\/v2\/users\/1"}],"replies":[{"embeddable":true,"href":"https:\/\/kolborshult.de\/index.php?rest_route=%2Fwp%2Fv2%2Fcomments&post=50"}],"version-history":[{"count":31,"href":"https:\/\/kolborshult.de\/index.php?rest_route=\/wp\/v2\/pages\/50\/revisions"}],"predecessor-version":[{"id":654,"href":"https:\/\/kolborshult.de\/index.php?rest_route=\/wp\/v2\/pages\/50\/revisions\/654"}],"wp:attachment":[{"href":"https:\/\/kolborshult.de\/index.php?rest_route=%2Fwp%2Fv2%2Fmedia&parent=50"}],"curies":[{"name":"wp","href":"https:\/\/api.w.org\/{rel}","templated":true}]}}