{"id":568,"date":"2018-05-28T20:45:20","date_gmt":"2018-05-28T18:45:20","guid":{"rendered":"https:\/\/kolborshult.de\/?page_id=568"},"modified":"2018-11-07T20:26:51","modified_gmt":"2018-11-07T19:26:51","slug":"die-vier-jahreszeiten","status":"publish","type":"page","link":"https:\/\/kolborshult.de\/?page_id=568","title":{"rendered":"Die vier Jahreszeiten"},"content":{"rendered":"<h2>Winter<\/h2>\n<div>\n<div><\/div>\n<\/div>\n<p>Mitten in Sm\u00e5land, wo das Haus liegt, herrscht Binnenklima. In der Regel sind die Winter kalt, mit niedriger Luftfeuchtigkeit (und die Sommer hei\u00df). Der See ist zugefroren und Frost und Schnee sorgen f\u00fcr eine helle, wei\u00dfe und friedliche Landschaft \u2013 was nat\u00fcrlich am allersch\u00f6nsten ist, wenn die Sonne vom klaren, blauen Himmel scheint. Die Luft ist frisch; eine gesunde Luft, die Sie tief einatmen k\u00f6nnen. Ja, auf den Frost kann man z\u00e4hlen, und es kann sehr kalt werden.<\/p>\n<p>Das Haus ist f\u00fcr diese Art von Winter gebaut. Die Isolierung in B\u00f6den, W\u00e4nden und Decken ist 20-25 cm dick. Alle Wasserrohre sind durch elektrisches Beheizen vor Frost gesch\u00fctzt. Neben der Elektroheizung gibt es einen gro\u00dfen Holzofen und reichlich Holz.<\/p>\n<p>Der Winter ist der Rahmen f\u00fcr sch\u00f6ne Winterwanderungen \u2013 packen Sie warme Stiefel ein! Und nehmen Sie den Fotoapparat auf den Spaziergang mit, es kann in den W\u00e4ldern mit Raureif und Schnee auf den B\u00e4umen sehr sch\u00f6n sein. Die vielen Tierspuren im Schnee machen es besonders interessant. In den anderen Jahreszeiten haben Sie ja nicht die Gelegenheit zu sehen, wo sich zum Beispiel Hirsche, Elche und Wildschweine bewegen.<\/p>\n<p>Wenn Sie gerne Ski fahren, gibt es in \u00c4lmhult Langlaufloipen; auf dieser Website k\u00f6nne Sie sehen, in welchem Zustand diese gerade sind: <a href=\"https:\/\/www.skidspar.se\/kronoberg\/almhult\/kloxhults-fritidsomrade\" target=\"_blank\" rel=\"noopener\">Link<\/a>. Sie k\u00f6nnen auch Ihre eigenen Skipisten auf Stra\u00dfen und Wegen in der Umgebung des Hauses kreieren \u2013 manche unserer G\u00e4ste haben das getan. Wenn Sie Slalom fahren m\u00f6chten, liegt das Isaberg Mountain Resort nur 119 km vom Haus entfernt und kann daher als Tagesausflug genutzt werden. Isaberg hat 10 verschiedene Pisten und bietet Schwierigkeitsgrade f\u00fcr Anf\u00e4nger, Kinder und erfahrene Skifahrer.<\/p>\n<p>Wenn der See vereist ist, kann man auf ihm Schlittschuh fahren. Wenn kein Schnee gefallen ist, kann man auf dem blanken Eis laufen. Ansonsten muss man &#8220;Bahnen&#8221; in den Schnee fegen, auf denen man dann laufen kann. Wenn Sie Schlittschuhl\u00e4ufer sind, sollten Sie daran denken, Ihre Schlittschuhe mitzunehmen!<\/p>\n<p>Der Winter ist auch die Jahreszeit f\u00fcrs Eisfischen im See. Das Haus ist mit einem Eisbohrer ausgestattet und es ist m\u00f6glich, lebende K\u00f6der mit Netzen im See zu fangen. Es ist immer aufregend, einen gro\u00dfen Hecht durch das Eisloch zu ziehen! Eisfischen kann man mit dem Feuern des Grills auf dem Eis kombinieren. Es ist ein unvergessliches Erlebnis, eingepackt in warme Kleidung auf dem See zu sitzen und Fisch oder W\u00fcrstchen zu grillen.<\/p>\n<p>Nat\u00fcrlich ist es auch naheliegend, die Sauna zu nutzen und sich dann im Freien abzuk\u00fchlen. Die ganz Mutigen st\u00fcrzen sich kurz zum Baden in den See, der an Badebr\u00fccke auf Grund des Wasserflusses selten gefriert. An einem klaren Wintertag ist es auch ein besonderes Erlebnis, drau\u00dfen zu sitzen und die Natur zu genie\u00dfen, nachdem man durch und durch in der Sauna &#8220;aufgeheizt&#8221; wurde.<\/p>\n<p>In \u00c4lmhult k\u00f6nnen Sie es sich in Caf\u00e9 Der\u00e9s in \u00c4lmhult wohl sein lassen. Hier sitzen auch die Einheimischen oft beim Kaffeeklatsch, vor allem bei besonders kaltem Wetter! Und irgendwann ab Januar und ein-zwei Monate lang k\u00f6nnen Sie den speziellen schwedischen Fastnachts-Pfannkuchen &#8220;Semla&#8221; genie\u00dfen \u2013 leckere gro\u00dfe Kuchenbr\u00f6tchen, gef\u00fcllt mit Schlagsahne und Marzipan. Oder Sie k\u00f6nnen eines der vielen anderen Caf\u00e9s und Restaurants besuchen&#8230;<\/p>\n<p>Ein anderer guter Ausflug ist der zum Elchpark, der auch im Winter ge\u00f6ffnet ist. Dann k\u00f6nnen Sie die Tiere oft ganz f\u00fcr sich haben. Wenn Sie dort sind, bevor die Elch-Hirsche im Januar\/Februar die Geweihe abwerfen, k\u00f6nnen Sie diese Geweihe zu der Zeit sehen, in der sie am gr\u00f6\u00dften sind.<\/p>\n<p>Sollten Sie in der Weihnachtszeit kommen, k\u00f6nnen Sie viele weihnachtliche Aktivit\u00e4ten erleben. In \u00c4lmhult gibt es einen Weihnachtsmarkt, auf dem Sie nat\u00fcrlich auch den schwedischen Gl\u00f6gg, einen Gl\u00fchwein mit Mandeln und Rosinen kaufen k\u00f6nnen. Gl\u00f6gg kann auch fertig gemischt gekauft werden, so dass Sie ihn nur aufw\u00e4rmen m\u00fcssen, wenn Sie zu Hause sind. Am 13. Dezember sollten Sie den Lucia-Aufzug nicht verpassen, der in Schweden eine ganz wichtige Tradition ist.<\/p>\n<p>Im Hause ist das gro\u00dfe helle Wohnzimmer der Rahmen um h\u00e4usliche Aktivit\u00e4ten. Dann k\u00f6nnen Sie das Feuer genie\u00dfen, das im Holzofen brennt, lesen oder Brettspiele spielen. Das Haus bietet auch einige Puzzle-Spiele, \u2013 die meisten mit Motiven des niederl\u00e4ndischen K\u00fcnstlers und Karikaturisten Jan van Haasteren. Auch Musik kann man nat\u00fcrlich h\u00f6ren \u2013 zur Stereoanlage haben wir \u00fcber 150 CDs, oder Sie k\u00f6nnen Ihr Smartphone anschlie\u00dfen und Ihre eigene Musik streamen. Oder sollte es lieber eine DVD sein? In der gut ausgestatteten K\u00fcche k\u00f6nnen inzwischen Gerichte von Elch, Hirsch oder Wildschwein im Ofen braten und brutzeln. Diese Art von Wild kann in den Superm\u00e4rkten in \u00c4lmhult oder in &#8220;BolmenFisk&#8221; in Hamneda gekauft werden, wo es auch viele Arten von ger\u00e4ucherten schwedischen Fischspezialit\u00e4ten gibt.<\/p>\n<p>Einer unserer begeisterten Winterg\u00e4ste hat einmal gesagt: &#8220;Der Winter in Schweden ist noch sch\u00f6ner als der Sommer!&#8221;<\/p>\n<h2>Fr\u00fchling<\/h2>\n<div>\n<div><\/div>\n<\/div>\n<p>Wenn Eis und Schnee schmelzen, wird der Winter von Gr\u00fcn in allen Schattierungen von hellgelb bis dunkelgr\u00fcn abgel\u00f6st. Die Birken sprie\u00dfen in klarer hellgr\u00fcner Farbe und B\u00fcsche und B\u00e4ume bl\u00fchen mit intensivem Duft. Es gibt oft hei\u00dfe Tage \u2013 im Mai kann es Tage mit Temperaturen \u00fcber 25 Grad geben. Bereits ab April kann man je nach Wetterlage im Sommer einen Vorsto\u00df machen, sich sonnen und im See schwimmen, dessen Wassertemperatur 16-18 Grad erreichen kann.<\/p>\n<p>Im Wald duften Birke, Fichte und Kiefer, und die Eichen entfalten ihre hellgr\u00fcnen Bl\u00e4tter. Am Waldboden bl\u00fchen dicht die wei\u00dfen Anemonen, im Mai die Maigl\u00f6ckchen, und die Farne entfalten sich in zartgr\u00fcn. Auf den Wiesen bl\u00fcht der L\u00f6wenzahn. Die Sumpfdotterblume steht mit ihren leuchtend gelben Bl\u00fcten am Wasser und der Fieberklee deckt mit seinen charakteristischen wei\u00dfen gezackten Blumen gro\u00dfe Fl\u00e4chen. Im See sprudelt es vor Leben, mit Fischen im Wasser und Wasserinsekten in der Luft. W\u00e4hrend der Paarungszeit k\u00f6nnen Sie die Fr\u00f6sche in den Morgen- und Abendstunden quaken h\u00f6ren. Es sind die M\u00e4nnchen, die sich bemerkbar machen, um Weibchen anzulocken.<\/p>\n<p>Der Fr\u00fchling ist nat\u00fcrlich auch die Jahreszeit, in der die V\u00f6gel zu singen anfangen. \u00dcberall und zu fast allen Tageszeiten kann man die unz\u00e4hligen V\u00f6gel h\u00f6ren. Meisen und Sperlinge zwitschern ihr Fr\u00fchlingslied und die der Ruf des Kuckucks ist \u00fcber den See hin\u00fcber weit zu h\u00f6ren. Im April und Mai kann man das heisere Ger\u00e4usch der Bekassine h\u00f6ren, wenn sie hoch \u00fcber dem Gel\u00e4nde fliegt. Der Klang stammt von den vibrierenden Schwanzfedern des Vogels, wenn er sich schr\u00e4g nach unten fallen l\u00e4sst. Die sch\u00f6nen Kraniche und Kanadag\u00e4nse kommen im Vogelzug von ihren Winterquartieren und machen ein eindrucksvoll Pause in den Seen. Auch die Flussseeschwalbe kommt Ende April aus dem Winterquartier in Westafrikas. Sie f\u00e4ngt Fische und gr\u00f6\u00dfere Wasserinsekten indem sie in den See taucht.<\/p>\n<p>An einem sch\u00f6nen Fr\u00fchlingstag kann die Landschaft kaum sch\u00f6ner sein, wenn man auf der Badebr\u00fccke sitzt und das Leben und die W\u00e4rme der Fr\u00fchlingssonne genie\u00dft. Einfach fantastisch!<\/p>\n<p>Der Fr\u00fchling ist nat\u00fcrlich die Jahreszeit, in der Sie die ersten Ausfl\u00fcge in Kanu und Ruderboot machen k\u00f6nnen. In der frischen gr\u00fcnen Fr\u00fchlingsnatur ist eine Tour auf dem Helge\u00e5 eine wundersch\u00f6ne und friedvolle Erfahrung. Es ist auch gut, im Fr\u00fchling, wo die Wassertemperatur nicht zu hoch ist, zum Beispiel Hecht zu angeln,- ansonsten, bei sonnigem und ruhigem Wetter, wird der Hecht in tieferem Gew\u00e4sser schwimmen. Nat\u00fcrlich ist es auch naheliegend, Wanderungen und Radtouren auf den vielen kleinen Stra\u00dfen und Wegen in der Umgebung zu unternehmen, in der es normalerweise keinen oder nur sehr wenig Verkehr gibt.<\/p>\n<p>Man kann einen spannenden Ausflug in das wundersch\u00f6ne Naturgebiet Gustavsfors unternehmen, welches nur wenige Autominuten vom Haus entfernt ist. Hier findet man Ruinen kleinerer Industriebetriebe aus dem 18. und 19. Jahrhundert (u. A. einer Papierfabrik und Gerbereien), die hier die Wasserkraft des Helge\u00e5 nutzen konnten. Gustavsfors ist zu jeder Jahreszeit interessant, aber im Fr\u00fchling, wenn der Wasserstand hoch ist, dringt das Wasser mit gr\u00f6\u00dfter Kraft durch Kan\u00e4le und Schleusen. Ein 4,5 km langer Wanderweg verbindet die vielen Sehensw\u00fcrdigkeiten miteinander.<\/p>\n<p>Der Fr\u00fchling ist auch eine gute Jahreszeit f\u00fcr einen Ausflug zur H\u00fctte des kleinen Petter Johan, die sehr natursch\u00f6n liegt. Dieser &#8220;Torp&#8221; ist ungew\u00f6hnlich, weil er speziell f\u00fcr den Schuhmacher Peter Johan Hagelkvist gebaut wurde, der sehr klein war. Daher ist die Dachh\u00f6he des kleinen Hauses sehr niedrig und alles im Haus wurde passend f\u00fcr ihn klein gebaut. Die meisten Besucher k\u00f6nnen sich in seiner H\u00fctte nicht aufrichten (es sei denn, sie sind Kinder).<\/p>\n<p>Im Fr\u00fchjahr findet in der N\u00e4he der &#8220;Millebygden Arena&#8221; ein Rallye-Rennen statt. In \u00c4lmhult k\u00f6nnen Sie erfahren, wann und wo es genau stattfindet.<\/p>\n<h2>Sommer<\/h2>\n<div>\n<div><\/div>\n<\/div>\n<p>Im Sommer ist S\u00fcdschweden \u00fcppig und summt vor Leben. Aufgrund des Binnenklimas gibt es oft lange Perioden warmen und sonnigen Wetters \u2013 und es ist schwer sich einen sch\u00f6neren Ort vorzustellen!<\/p>\n<p>Gro\u00dfe Waldgebiete, gemischt mit der schwedischen Kulturlandschaft, bedecken 78 % des Landes. Da das Haus an der Grenze zwischen den ausgedehnten W\u00e4ldern, dem See und dem Helge\u00e5 liegt, k\u00f6nnen wir uns hier einer vielf\u00e4ltige Flora und einer reichen Tierwelt erfreuen. In den duftenden W\u00e4ldern k\u00f6nnen Sie Waldbeeren, Himbeeren und Blaubeeren, oft in gro\u00dfen Mengen, pfl\u00fccken. Dann k\u00f6nnen Sie Marmeladen kochen oder Torten mit frischen Beeren servieren! Die Pilzsaison beginnt \u2013 und die Hochsaison f\u00fcr die begehrten Pfifferlinge ist Juli und August. Die bunten Lupinen und der wilde Kerbel bl\u00fchen \u00fcberall und der Duft des Gagelstrauchs ist wundersch\u00f6n. Im See und im Fluss wachsen Seerosen und Rohrkolben und zahlreiche Libellen schwirren \u00fcber dem See und ums Haus.<\/p>\n<p>Im See haben die Wasserv\u00f6gel Nachwuchs \u2013 Stockente, Blessh\u00fchner, Lappentaucher, Kanadag\u00e4nse und Schw\u00e4ne. Der sch\u00f6ne Eichelh\u00e4her ist zu sehen, die Spechte bearbeiten die B\u00e4ume, und Sie k\u00f6nnen Gl\u00fcck haben und den majest\u00e4tischen Fischadler sehen, der im See nach Fischen taucht. Und bei Spazierg\u00e4ngen im Wald kann man Hasen, Rehe, F\u00fcchse und Elche sehen.<\/p>\n<p>Dies ist der malerische Rahmen um unz\u00e4hlige m\u00f6gliche Wander- und Radtouren, alles direkt vor der T\u00fcr. Die Gegend um das Haus ist auch wunderbar f\u00fcr die Kinder, es gibt so viel zu entdecken,- in den W\u00e4ldern, entlang des Flusses oder bei Fahrten im Ruderboot oder Kanu. Der Sommer ist auch eine gute Zeit zum Angeln \u2013 und der Flussbarsch, ein ausgepr\u00e4gter Sommerfisch, bei\u00dft gut an an den sch\u00f6nen sonnigen Sommerabenden bei einer leichten Brise.<\/p>\n<p>Wenn Sie mehr erleben m\u00f6chten, k\u00f6nnen Sie in der N\u00e4he gelegene Vergn\u00fcgungsparks besuchen. &#8220;High Chaparral&#8221; und die &#8220;Astrid-Lindgren-Welt&#8221; sind einige der gr\u00f6\u00dften und bekanntesten, aber auch der &#8220;Kungsbygget \u00c4ventyrs(=Erlebnis-)park&#8221;, eine Autostunde entfernt, bietet viel Spa\u00df und einen \u201eAdrenalin-Kick\u201c f\u00fcr die ganze Familie.<\/p>\n<p>Der Sommer ist auch die richtige Jahreszeit f\u00fcr einen Ausflug nach Linnaeus R\u00e5shult, wo eine beeindruckende Kulturlandschaft aus dem 18. Jahrhundert mit einer reichen und seltenen Flora und Fauna wieder aufgebaut wird. Der Ort ist der Geburtsort von Carl von Linn\u00e9, dem ber\u00fchmten schwedischen Botaniker und Zoologen, der den Grundstein zur modernen Systematisierung der Pflanzen und Tiere legte. Das Kulturreservat und die G\u00e4rten sind vom 1. Mai bis zum 3. September ge\u00f6ffnet, aber der Hochsommer bietet nat\u00fcrlich die gr\u00f6\u00dfte Variation. Sie k\u00f6nnen eine gef\u00fchrte Tour im Voraus telefonisch oder per E-Mail buchen.<\/p>\n<p>Wenn das Wetter gut ist und Sie nicht im eigenen See baden m\u00f6chten, liegt ein sch\u00f6ner Strand in der N\u00e4he von \u00c4lmhult, den Sie in nur 10 Minuten erreichen. Der Strand ist gro\u00df und familienfreundlich mit einem flachen und sch\u00f6nen Sandstrand, einer gro\u00dfen Badebr\u00fccke und (nicht zuletzt) Toiletten. Eis und Essen sind ebenfalls erh\u00e4ltlich und Sie k\u00f6nnen sogar Minigolf spielen. In der Gegend gibt es weitere sch\u00f6ne Badepl\u00e4tze; mehr unter: <a href=\"https:\/\/www.almhult.se\/sv\/kulturfritid\/fritidochaktiviteter\/lekplatserparkerochbadplatser\/badplatser.4.5024e85e1540189bf672aaf.html\" target=\"_blank\" rel=\"noopener\">Link<\/a>.<\/p>\n<p>Sind Sie zu Sommersonnenwende in Schweden, sollten Sie versuchen, zu einer echten schwedischen Mittsommerfeier zu kommen. Hier ist der traditionell bekr\u00e4nzte Mittsommerbaum aufgestellt \u2013 ein hoher Mast, geschm\u00fcckt mit Bl\u00e4ttern, Blumen und B\u00e4ndern und so aufgestellt, dass Sie um ihn herum tanzen k\u00f6nnen.<\/p>\n<p>Anfang August ist in Schweden die traditionelle Zeit f\u00fcr Krebse, die sogenannten &#8220;Krebsessen (Kr\u00e4ftskiva)&#8221;. Die Krebse werden in Salzwasser gekocht, eventuell unter Zugabe von ein wenig Bier und reichlich Dill. Dazu gibt es Kn\u00e4ckebrot, w\u00fcrzigen K\u00e4se und Garnelen \u2013 und Getr\u00e4nke sind Schnaps, Bier und S\u00e4fte. Um diese Zeit findet man in den Superm\u00e4rkten sehr gute Angebote f\u00fcr Krebse, also warum nicht sein eigenes Krebsessen veranstalten?<\/p>\n<p>Um das Haus herum ist der Sommer nat\u00fcrlich die Zeit zum Schwimmen und Sonnen und um die Natur zu genie\u00dfen. Es gibt sechs Sonnenliegen, also genug f\u00fcr jeden. Die Badebr\u00fccke ist besonders sch\u00f6n zum Sonnenbaden; hier sind Sie ganz im Einklang mit der Natur und k\u00f6nnen so oft Sie gek\u00fchlt werden m\u00f6chten ins Wasser springen. Sie sind auch v\u00f6llig ungest\u00f6rt, so dass Sie auch problemlos \u201etextilfrei\u201c sonnenbaden und schwimmen k\u00f6nnen. Wenn der Wasserstand in den Seen niedrig ist, k\u00f6nnen Sie im Helge\u00e5 schwimmen, \u2013 hier befindet sich ebenfalls eine Badetreppe. Mittagessen oder Nachmittagskaffee k\u00f6nnen auf der Terrasse im Schatten der gro\u00dfen Eiche genossen werden, und an den langen Sommerabenden k\u00f6nnen Sie in der Abendsonne grillen. Das Haus ist mit einem gro\u00dfen Lagerfeuer Grill mit einstellbarer Grillh\u00f6he ausgestattet \u2013 m\u00f6glicherweise k\u00f6nnen Sie Ihr Grillessen mit frischen Kr\u00e4utern aus dem Kr\u00e4utergarten w\u00fcrzen! Sollte es einen Sommerschauer geben, k\u00f6nnen Sie sich so lange unter den \u00fcberdachten Balkon setzen.<\/p>\n<p>Drau\u00dfen k\u00f6nnen Sie etliche Spiele im Freien spielen, wie z. B. &#8220;Kupp&#8221;, ein Zwei-Mann-Spiel oder Boule. Beide Spiele sind im Schuppen zu finden. Und nat\u00fcrlich kann man abends auch einfach nur am gem\u00fctlichen Lagerfeuer sitzen.<\/p>\n<p>Der Sommer ist eine wundervolle Zeit!<\/p>\n<h2>Herbst<\/h2>\n<div>\n<div><\/div>\n<\/div>\n<p>F\u00fcr viele Menschen ist der Herbst ihre Lieblingsjahreszeit. Es ist die Zeit der wundervollen Farben, des Sammelns von Pilzen und Beeren, der Vogelbeobachtung und noch bis weit in den Herbst hinein besteht die M\u00f6glichkeit f\u00fcr sch\u00f6ne hei\u00dfe Tage. Die sch\u00f6nen Herbsttage bieten einfach eine F\u00fclle von M\u00f6glichkeiten, die Natur zu genie\u00dfen!<\/p>\n<p>Eines der besonderen Erlebnisse sind die gro\u00dfen Vogelz\u00fcge. Ab Ende August bis Ende Oktober ziehen etwa 500 Millionen Zugv\u00f6gel auf ihrem Weg nach S\u00fcden \u00fcber S\u00fcdschweden. Da V\u00f6gel so lange wie m\u00f6glich \u00fcber Land fliegen, wird S\u00fcdschweden zu einem Korridor f\u00fcr die Z\u00fcge von Kranichen, Kanadag\u00e4nsen, Graug\u00e4nsen, Eiderenten, Staren, Buchfinken, verschiedenen Raubv\u00f6geln usw. Es ist ein wirklich spektakul\u00e4rer Anblick, wenn die gro\u00dfen Vogelschw\u00e4rme kr\u00e4chzend und trompetend \u00fcber das Grundst\u00fcck fliegen.<\/p>\n<p>Der Herbst ist nat\u00fcrlich auch die Hauptsaison f\u00fcr Pilze. In den W\u00e4ldern rund um das Haus gibt es viele leckere R\u00f6hrenpilze wie z. B. Steinpilz, Butterpilz oder Maronenr\u00f6hrling. Sie k\u00f6nnen auch sp\u00e4te Pfifferlinge oder den Semmelstoppelpilz finden. In den W\u00e4ldern wachsen in der Saison von August bis Oktober auch gro\u00dfe Preiselbeeren, die unglaublich lecker sind, wenn man sie einkocht und zu Fleischgerichten serviert, z. B. den ber\u00fchmten schwedischen Fleischb\u00e4llchen.<\/p>\n<p>Auf diese Art und Weise kann man leicht viele gute und unterhaltsame Stunden in den W\u00e4ldern verbringen, von der Ernte der Reicht\u00fcmer der Natur bis zur Freude an ihrer Sch\u00f6nheit. Die Heide bl\u00fcht im September und sp\u00e4ter stehen Espe, Eiche, Buche, Birke und Eberesche in wechselnden Farben \u2013 von hellgelb oder orange bis rot und zu Braunt\u00f6nen. Also bitte die Kamera nicht vergessen&#8230;<\/p>\n<p>Es ist auch die Zeit, in der man die gr\u00f6\u00dfte Chance hat, einen Elch zu sehen. Sie sind im September\/Oktober in der Brunst, aktiver als sonst und nicht so scheu (es liegt ein gutes Fernglas im Hause, das Sie gern auf Wandertouren oder Spazierg\u00e4nge mitnehmen d\u00fcrfen). Es ist eine perfekte Zeit daf\u00fcr, erfrischende Wanderungen oder Radtouren in den W\u00e4ldern oder weiter \u00fcber Land, wo man \u00fcberall auf die traditionellen roten Holzh\u00e4usern und alten bemoosten Steinmauern trifft, oder Feldern und Wiesen zu machen.<\/p>\n<p>Fahren Sie zum Beispiel zu den Naturreservaten in der N\u00e4he: H\u00f6khult, H\u00f6\u00f6 oder Stenbrohult, die Sie auf dieser Website finden: <a href=\"http:\/\/www2.visitalmhult.se\/sv\/se-och-gora?filter=c%3D22543\" target=\"_blank\" rel=\"noopener\">Link<\/a>. Oder kombinieren Sie einen Ausflug zum Reservat M\u00f6ckelsn\u00e4s oder Tax\u00e5s mit einem Besuch des historischen Gutshofs M\u00f6ckelsn\u00e4s. Hier k\u00f6nnen Sie bei Kaffee und Kuchen oder einem guten Essen die herrliche Aussicht auf den M\u00f6ckelnsee genie\u00dfen. Das Restaurant serviert qualitativ hochwertiges Essen und verwendet organische und lokal produzierte Produkte.<\/p>\n<p>Eine weitere spannende Tour ist der sch\u00f6ne, historische Kulturpfad in Sj\u00f6astadbygd. Auf dem sieben Kilometer langen Spaziergang finden Sie interessante \u00dcberreste alter Geb\u00e4uden und heute ganz vergessenen Aktivit\u00e4ten wie z. B. Pechkochen. Sehen Sie mehr unter <a href=\"http:\/\/www.almhult.se\/download\/18.72fae573162ae19940a243e9\/1524043491559\/Cykel-%20och%20vandrarbroschyr%20tyska%20180321.pdf\" target=\"_blank\" rel=\"noopener\">Link<\/a> (Seite 27).<\/p>\n<p>Egal, welche Tour Sie w\u00e4hlen: wenn Sie nach Hause kommen, ist es herrlich, den Saunaofen mit Holz zu f\u00fcllen, Feuer zu machen und sich 20 Minuten sp\u00e4ter wunderbar durchw\u00e4rmen zu lassen!<\/p>\n<p>Es ist auch eine gute Zeit f\u00fcr&#8217;s Angeln \u2013 die besten Jahreszeiten f\u00fcr gro\u00dfe Hechte (\u00fcber 100 cm) sind Fr\u00fchling und Fr\u00fchsommer und Oktober-November. Das Kanu kann benutzt werden, solange das Wasser eisfrei ist, aber das Ruderboot wird im November aus dem Wasser genommen.<\/p>\n<p>Bei schlechtem Wetter ist ein Ausflug ins IKEA-Museum in \u00c4lmhult sehr unterhaltsam. Hier k\u00f6nnen Sie die ganze Geschichte von IKEA verfolgen und wie es sich auf dem Hintergrund Sm\u00e5lands im 19. Jahrhunderts entwickelt hat. Man sieht IKEAs Anf\u00e4nge und seine ganze Geschichte, bis heute. Die IKEA-Zentrale befindet sich in \u00c4lmhult, weil der Gr\u00fcnder, Ingvar Kamprad, ein paar Kilometer entfernt von hier, in Agunnaryd aufwuchs. Daher liegt das einzige IKEA Museum der Welt in \u00c4lmhult!<\/p>\n<p>An einem Tag, an dem drau\u00dfen Wind und Regen herrschen, sind Sie drinnen in einem sicheren Hafen. Hier ist es warm, trocken und gem\u00fctlich. Dann ist es Zeit zu lesen, spielen und das Feuer im Wohnzimmerkamin zu genie\u00dfen. Oder Sie k\u00f6nnen (ab 2019) das High-Speed-Glasfasernetz nutzen, das unbegrenzten Zugang zu Netflix bietet. Dann k\u00f6nnen Sie Filme und Serien so oft sehen, wie Sie Lust haben, w\u00e4hrend drau\u00dfen der Wind ums Haus weht.<\/p>\n<p>&nbsp;<\/p>\n<p><a href=\"https:\/\/kolborshult.de\/angelurlaub-schweden\">Weiter &gt;&gt;<\/a><\/p>\n","protected":false},"excerpt":{"rendered":"<p>Winter Mitten in Sm\u00e5land, wo das Haus liegt, herrscht Binnenklima. In der Regel sind die Winter kalt, mit niedriger Luftfeuchtigkeit (und die Sommer hei\u00df). Der See ist zugefroren und Frost und Schnee sorgen f\u00fcr eine helle, wei\u00dfe und friedliche Landschaft \u2013 was nat\u00fcrlich am allersch\u00f6nsten ist, wenn die Sonne vom klaren, blauen Himmel scheint. Die &hellip; <\/p>\n<p class=\"link-more\"><a href=\"https:\/\/kolborshult.de\/?page_id=568\" class=\"more-link\">Continue reading<span class=\"screen-reader-text\"> &#8220;Die vier Jahreszeiten&#8221;<\/span><\/a><\/p>\n","protected":false},"author":1,"featured_media":0,"parent":0,"menu_order":0,"comment_status":"closed","ping_status":"closed","template":"","meta":{"_monsterinsights_skip_tracking":false,"_monsterinsights_sitenote_active":false,"_monsterinsights_sitenote_note":"","_monsterinsights_sitenote_category":0},"_links":{"self":[{"href":"https:\/\/kolborshult.de\/index.php?rest_route=\/wp\/v2\/pages\/568"}],"collection":[{"href":"https:\/\/kolborshult.de\/index.php?rest_route=\/wp\/v2\/pages"}],"about":[{"href":"https:\/\/kolborshult.de\/index.php?rest_route=\/wp\/v2\/types\/page"}],"author":[{"embeddable":true,"href":"https:\/\/kolborshult.de\/index.php?rest_route=\/wp\/v2\/users\/1"}],"replies":[{"embeddable":true,"href":"https:\/\/kolborshult.de\/index.php?rest_route=%2Fwp%2Fv2%2Fcomments&post=568"}],"version-history":[{"count":11,"href":"https:\/\/kolborshult.de\/index.php?rest_route=\/wp\/v2\/pages\/568\/revisions"}],"predecessor-version":[{"id":652,"href":"https:\/\/kolborshult.de\/index.php?rest_route=\/wp\/v2\/pages\/568\/revisions\/652"}],"wp:attachment":[{"href":"https:\/\/kolborshult.de\/index.php?rest_route=%2Fwp%2Fv2%2Fmedia&parent=568"}],"curies":[{"name":"wp","href":"https:\/\/api.w.org\/{rel}","templated":true}]}}