{"id":63,"date":"2011-11-27T17:27:07","date_gmt":"2011-11-27T16:27:07","guid":{"rendered":"https:\/\/kolborshult.de\/?page_id=63"},"modified":"2021-06-07T22:16:55","modified_gmt":"2021-06-07T20:16:55","slug":"angelurlaub-schweden","status":"publish","type":"page","link":"https:\/\/kolborshult.de\/?page_id=63","title":{"rendered":"Aktivit\u00e4ten"},"content":{"rendered":"<h2>Angeln<\/h2>\n<p><a href=\"https:\/\/kolborshult.de\/wp-content\/uploads\/2018\/10\/Angeln-1200X800-JPG50-1200X800.jpg\"><img loading=\"lazy\" class=\"alignnone wp-image-602 size-full\" src=\"https:\/\/kolborshult.de\/wp-content\/uploads\/2018\/10\/Angeln-1200X800-JPG50-1200X800.jpg\" alt=\"\" width=\"1200\" height=\"800\" srcset=\"https:\/\/kolborshult.de\/wp-content\/uploads\/2018\/10\/Angeln-1200X800-JPG50-1200X800.jpg 1200w, https:\/\/kolborshult.de\/wp-content\/uploads\/2018\/10\/Angeln-1200X800-JPG50-1200X800-300x200.jpg 300w, https:\/\/kolborshult.de\/wp-content\/uploads\/2018\/10\/Angeln-1200X800-JPG50-1200X800-768x512.jpg 768w, https:\/\/kolborshult.de\/wp-content\/uploads\/2018\/10\/Angeln-1200X800-JPG50-1200X800-1024x683.jpg 1024w\" sizes=\"(max-width: 706px) 89vw, (max-width: 767px) 82vw, 740px\" \/><\/a><\/p>\n<p>Sowohl in unseren Seen als auch in der Flussstrecke der Helge Fluss, die an das Grundst\u00fcck grenzt, kann ohne Angelkarte angeln. In den Seen angelt sonst niemand, dort ist man ganz allein. Es gibt reichlich Brasse, Hechte und Rotaugen, aber auch viele andere Arten k\u00f6nnen an den Haken gehen. Im Winter ist Eisfischen m\u00f6glich.<\/p>\n<h2>Ruder- und Kanutouren auf den Helge Fluss<\/h2>\n<p><a href=\"https:\/\/kolborshult.de\/wp-content\/uploads\/2018\/10\/Ruder-und-Kanutouren-auf-den-Helge-Fluss-JPG50-1200X800.jpg\"><img loading=\"lazy\" class=\"alignnone wp-image-603 size-full\" src=\"https:\/\/kolborshult.de\/wp-content\/uploads\/2018\/10\/Ruder-und-Kanutouren-auf-den-Helge-Fluss-JPG50-1200X800.jpg\" alt=\"\" width=\"1200\" height=\"800\" srcset=\"https:\/\/kolborshult.de\/wp-content\/uploads\/2018\/10\/Ruder-und-Kanutouren-auf-den-Helge-Fluss-JPG50-1200X800.jpg 1200w, https:\/\/kolborshult.de\/wp-content\/uploads\/2018\/10\/Ruder-und-Kanutouren-auf-den-Helge-Fluss-JPG50-1200X800-300x200.jpg 300w, https:\/\/kolborshult.de\/wp-content\/uploads\/2018\/10\/Ruder-und-Kanutouren-auf-den-Helge-Fluss-JPG50-1200X800-768x512.jpg 768w, https:\/\/kolborshult.de\/wp-content\/uploads\/2018\/10\/Ruder-und-Kanutouren-auf-den-Helge-Fluss-JPG50-1200X800-1024x683.jpg 1024w\" sizes=\"(max-width: 706px) 89vw, (max-width: 767px) 82vw, 740px\" \/><\/a><\/p>\n<p>Die Benutzung des Ruderbootes und des Kanus ist in der Miete enthalten. Mit dem Auto k\u00f6nnen Sie das Kanu auch weiter weg transportieren und dadurch l\u00e4ngere Touren machen. Zum Beispiel k\u00f6nnen Sie das Kanu in den See M\u00f6ckeln absetzen und von dort aus flussabw\u00e4rts zur\u00fcck zum Haus paddeln. Oder man paddelt vom Haus aus flussabw\u00e4rts und holt das Kanu dann z.B. in Gustavsfors ab.<\/p>\n<h2>Schwimmen im Fluss<\/h2>\n<p><a href=\"https:\/\/kolborshult.de\/wp-content\/uploads\/2018\/10\/Schwimmen-im-Fluss-JPG35-1200X800.jpg\"><img loading=\"lazy\" class=\"alignnone wp-image-608 size-full\" src=\"https:\/\/kolborshult.de\/wp-content\/uploads\/2018\/10\/Schwimmen-im-Fluss-JPG35-1200X800.jpg\" alt=\"\" width=\"1200\" height=\"800\" srcset=\"https:\/\/kolborshult.de\/wp-content\/uploads\/2018\/10\/Schwimmen-im-Fluss-JPG35-1200X800.jpg 1200w, https:\/\/kolborshult.de\/wp-content\/uploads\/2018\/10\/Schwimmen-im-Fluss-JPG35-1200X800-300x200.jpg 300w, https:\/\/kolborshult.de\/wp-content\/uploads\/2018\/10\/Schwimmen-im-Fluss-JPG35-1200X800-768x512.jpg 768w, https:\/\/kolborshult.de\/wp-content\/uploads\/2018\/10\/Schwimmen-im-Fluss-JPG35-1200X800-1024x683.jpg 1024w\" sizes=\"(max-width: 706px) 89vw, (max-width: 767px) 82vw, 740px\" \/><\/a><\/p>\n<p>Unser Grundst\u00fcck grenzt direkt an den Helge \u00c5, und wir haben eine Badeleiter direkt im Fluss. Helge \u00c5 ist tief und l\u00e4dt zum Schwimmen ein, im Sommer betr\u00e4gt die Wassertemperatur etwa 20 Grad &#8211; angenehm zum Schwimmen. Es gibt normalerweise keine Leute in der Gegend (mit Ausnahme eines seltenen Kanu), so dass Sie auch ohne Badebekleidung schwimmen k\u00f6nnen. Die Gegend ist auch sehr sch\u00f6n, so dass ein Schwimmen ein wunderbares Naturerlebnis ist. Den Tag damit zu beginnen ist einfach unglaublich! Beachten Sie, dass der Strom stark sein kann, darum sollten Sie immer stromaufw\u00e4rts anfangen.<\/p>\n<h2>Spazierg\u00e4nge und Wanderungen<\/h2>\n<p><a href=\"https:\/\/kolborshult.de\/wp-content\/uploads\/2018\/10\/Spazierg\u00e4nge-und-Wanderungen-JPG55-1200X800.jpg\"><img loading=\"lazy\" class=\"alignnone wp-image-623 size-full\" src=\"https:\/\/kolborshult.de\/wp-content\/uploads\/2018\/10\/Spazierg\u00e4nge-und-Wanderungen-JPG55-1200X800.jpg\" alt=\"\" width=\"1200\" height=\"800\" srcset=\"https:\/\/kolborshult.de\/wp-content\/uploads\/2018\/10\/Spazierg\u00e4nge-und-Wanderungen-JPG55-1200X800.jpg 1200w, https:\/\/kolborshult.de\/wp-content\/uploads\/2018\/10\/Spazierg\u00e4nge-und-Wanderungen-JPG55-1200X800-300x200.jpg 300w, https:\/\/kolborshult.de\/wp-content\/uploads\/2018\/10\/Spazierg\u00e4nge-und-Wanderungen-JPG55-1200X800-768x512.jpg 768w, https:\/\/kolborshult.de\/wp-content\/uploads\/2018\/10\/Spazierg\u00e4nge-und-Wanderungen-JPG55-1200X800-1024x683.jpg 1024w\" sizes=\"(max-width: 706px) 89vw, (max-width: 767px) 82vw, 740px\" \/><\/a><\/p>\n<p>Die Umgebung bietet M\u00f6glichkeiten f\u00fcr viele sch\u00f6ne Wanderungen oder Spazierg\u00e4nge, und man kann nat\u00fcrlich auch joggen. Bei dieser Gelegenheit findet man dann auch die Pilze und Beeren der Saison \u2013 und ab und zu hat man auch das Gl\u00fcck, einem Elch zu begegnen.<\/p>\n<h2>Pilze sammeln<\/h2>\n<p><a href=\"https:\/\/kolborshult.de\/wp-content\/uploads\/2018\/10\/Pilze-sammeln-JPG25-1200X800.jpg\"><img loading=\"lazy\" class=\"alignnone size-full wp-image-612\" src=\"https:\/\/kolborshult.de\/wp-content\/uploads\/2018\/10\/Pilze-sammeln-JPG25-1200X800.jpg\" alt=\"\" width=\"1200\" height=\"800\" srcset=\"https:\/\/kolborshult.de\/wp-content\/uploads\/2018\/10\/Pilze-sammeln-JPG25-1200X800.jpg 1200w, https:\/\/kolborshult.de\/wp-content\/uploads\/2018\/10\/Pilze-sammeln-JPG25-1200X800-300x200.jpg 300w, https:\/\/kolborshult.de\/wp-content\/uploads\/2018\/10\/Pilze-sammeln-JPG25-1200X800-768x512.jpg 768w, https:\/\/kolborshult.de\/wp-content\/uploads\/2018\/10\/Pilze-sammeln-JPG25-1200X800-1024x683.jpg 1024w\" sizes=\"(max-width: 706px) 89vw, (max-width: 767px) 82vw, 740px\" \/><\/a><\/p>\n<p>In den riesigen W\u00e4ldern um unser Haus herum gibt es viele Pilze, Beeren und Kr\u00e4uter, und f\u00fcr Kinder und Erwachsene ist es eine aufregende Aktivit\u00e4t, Pilze zu sammeln. Oft finden wir Pilze ganz in der N\u00e4he des Hauses. Im Juli ist die Hochsaison f\u00fcr Pfifferlinge, die leicht zu erkennen sind. Die Hauptsaison f\u00fcr die meisten Pilze ist jedoch nur von Anfang September bis Oktober, wo viele verschiedene Pilze in den s\u00fcdschwedischen W\u00e4ldern erscheinen. Steinpilz ist normalerweise am einfachsten zu finden, aber wir haben auch viele andere leckere Pilze gefunden; zum Beispiel Butterpilz, Maronenr\u00f6hrling und Semmelstoppelpilz. Denken Sie daran, wenn Sie Pilze sammeln, seien Sie immer sicher, was Sie essen &#8211; \u00fcberpr\u00fcfen mit einem Pilz-buch oder im Internet!<\/p>\n<h2>Strandbad<\/h2>\n<p><a href=\"https:\/\/kolborshult.de\/wp-content\/uploads\/2018\/10\/Strandbad-JPG30-1200X800.jpg\"><img loading=\"lazy\" class=\"alignnone size-full wp-image-616\" src=\"https:\/\/kolborshult.de\/wp-content\/uploads\/2018\/10\/Strandbad-JPG30-1200X800.jpg\" alt=\"\" width=\"1200\" height=\"800\" srcset=\"https:\/\/kolborshult.de\/wp-content\/uploads\/2018\/10\/Strandbad-JPG30-1200X800.jpg 1200w, https:\/\/kolborshult.de\/wp-content\/uploads\/2018\/10\/Strandbad-JPG30-1200X800-300x200.jpg 300w, https:\/\/kolborshult.de\/wp-content\/uploads\/2018\/10\/Strandbad-JPG30-1200X800-768x512.jpg 768w, https:\/\/kolborshult.de\/wp-content\/uploads\/2018\/10\/Strandbad-JPG30-1200X800-1024x683.jpg 1024w\" sizes=\"(max-width: 706px) 89vw, (max-width: 767px) 82vw, 740px\" \/><\/a><\/p>\n<p>Ein gro\u00dfes <a href=\"http:\/\/www2.visitalmhult.se\/sv\/se-gora\/a489322\/badplats-b%C3%B6khult-%C3%A4lmhult\/detaljer\" target=\"_blank\" rel=\"noopener\">Schwimmbereich<\/a> mit sch\u00f6nem Strand am See M\u00f6ckeln nur 10 Autominuten vom Haus entfernt. Hier sind ein Sandstrand und eine gro\u00dfe Badebr\u00fccke, und viele M\u00f6glichkeiten f\u00fcr Sonne und Schatten dank der vielen sch\u00f6nen B\u00e4ume. Alles ist sehr kinderfreundlich. Es ist ein sch\u00f6ner Ort, wenn Sie ein Stranderlebnis haben wollen. Sie k\u00f6nnen auch Eis und Essen kaufen. Es gibt auch eine Rutschbahn im Wasser, Spielplatz, Volleyballplatz, Minigolf, Dusche, WC, Kiosk, Grillplatz und Tische.<\/p>\n<h2>Caf\u00e9s und Restaurants in \u00c4lmhult<\/h2>\n<p><a href=\"https:\/\/kolborshult.de\/wp-content\/uploads\/2018\/10\/Caf\u00e9s-und-Restaurants-in-\u00c4lmhult-JPG40-1200X800.jpg\"><img loading=\"lazy\" class=\"alignnone size-full wp-image-617\" src=\"https:\/\/kolborshult.de\/wp-content\/uploads\/2018\/10\/Caf\u00e9s-und-Restaurants-in-\u00c4lmhult-JPG40-1200X800.jpg\" alt=\"\" width=\"1200\" height=\"800\" srcset=\"https:\/\/kolborshult.de\/wp-content\/uploads\/2018\/10\/Caf\u00e9s-und-Restaurants-in-\u00c4lmhult-JPG40-1200X800.jpg 1200w, https:\/\/kolborshult.de\/wp-content\/uploads\/2018\/10\/Caf\u00e9s-und-Restaurants-in-\u00c4lmhult-JPG40-1200X800-300x200.jpg 300w, https:\/\/kolborshult.de\/wp-content\/uploads\/2018\/10\/Caf\u00e9s-und-Restaurants-in-\u00c4lmhult-JPG40-1200X800-768x512.jpg 768w, https:\/\/kolborshult.de\/wp-content\/uploads\/2018\/10\/Caf\u00e9s-und-Restaurants-in-\u00c4lmhult-JPG40-1200X800-1024x683.jpg 1024w\" sizes=\"(max-width: 706px) 89vw, (max-width: 767px) 82vw, 740px\" \/><\/a><\/p>\n<p>In \u00c4lmhult k\u00f6nnen Sie es sich in einem der Caf\u00e9s oder Restaurants wohl f\u00fchlen. Zum Beispiel empfiehlt es sich, ins \u201c<a href=\"http:\/\/www.cafederes.se\/\" target=\"_blank\" rel=\"noopener\">Caf\u00e9 Der\u00e9s<\/a>\u201d zu gehen und dort einen der leckeren Kuchen zu essen und eine Tasse Kaffee oder Tee zu trinken. \u00dcbrigens, Caf\u00e9 Der\u00e9s macht auch die ber\u00fchmte schwedische \u201cSm\u00f6rg\u00e5st\u00e5rta\u201d (Butterbrottorte), die im Laden bestellt und gekauft werden kann. F\u00fcr Vegetarier empfehlen wir das gem\u00fctliche Caf\u00e9 \u201e<a href=\"http:\/\/www.muffinka.se\/\" target=\"_blank\" rel=\"noopener\">Muff<\/a>\u201c. \u00c4lmhult hat auch viele gute und billige Restaurants, so dass ein Einkaufsbummel in der Stadt auch mit einem leckeren Essen kombiniert werden kann. Das beste Restaurant ist \u201c<a href=\"https:\/\/goaroije.se\/brasseriet\" target=\"_blank\" rel=\"noopener\">Brasserie Goaroije<\/a>\u201c \u2013 und wenn Sie thail\u00e4ndisches Essen m\u00f6gen, hat das \u201cThai Palace\u201c wirklich authentisches Essen! Oder probieren Sie die Restaurants selbst aus; es gibt mehr als 15 Restaurants und Caf\u00e9s in der Stadt.<\/p>\n<h2>Elchpark<\/h2>\n<p><a href=\"https:\/\/kolborshult.de\/wp-content\/uploads\/2018\/10\/Elchpark-JPG30-1200X800.jpg\"><img loading=\"lazy\" class=\"alignnone size-full wp-image-619\" src=\"https:\/\/kolborshult.de\/wp-content\/uploads\/2018\/10\/Elchpark-JPG30-1200X800.jpg\" alt=\"\" width=\"1200\" height=\"800\" srcset=\"https:\/\/kolborshult.de\/wp-content\/uploads\/2018\/10\/Elchpark-JPG30-1200X800.jpg 1200w, https:\/\/kolborshult.de\/wp-content\/uploads\/2018\/10\/Elchpark-JPG30-1200X800-300x200.jpg 300w, https:\/\/kolborshult.de\/wp-content\/uploads\/2018\/10\/Elchpark-JPG30-1200X800-768x512.jpg 768w, https:\/\/kolborshult.de\/wp-content\/uploads\/2018\/10\/Elchpark-JPG30-1200X800-1024x683.jpg 1024w\" sizes=\"(max-width: 706px) 89vw, (max-width: 767px) 82vw, 740px\" \/><\/a><\/p>\n<p>In Hamneda, 20 Minuten Fahrt vom Haus, befindet sich ein Elchpark, <a href=\"http:\/\/elingealgpark.com\/\" target=\"_blank\" rel=\"noopener\">Elinge \u00e4lgpark<\/a>, in dem die Familie ganz dicht an die Elche herankommen kann. Ein sch\u00f6nes Ausflugsziel f\u00fcr Kinderfamilien. Andere Elchparks in der Umgebung sind z.B. <a href=\"https:\/\/www.elchpark.eu\/\" target=\"_blank\" rel=\"noopener\">Laganland \u00c4lgpark<\/a> (35 Minuten) und <a href=\"http:\/\/www.smalandet.se\/\" target=\"_blank\" rel=\"noopener\">Sm\u00e5landet<\/a> (40 Minuten) die auch amerikanische Bisons haben.<\/p>\n<h2>Einkauf<\/h2>\n<p><a href=\"https:\/\/kolborshult.de\/wp-content\/uploads\/2018\/10\/Einkaufsm\u00f6glichkeiten-JPG25-1200X800.jpg\"><img loading=\"lazy\" class=\"alignnone size-full wp-image-620\" src=\"https:\/\/kolborshult.de\/wp-content\/uploads\/2018\/10\/Einkaufsm\u00f6glichkeiten-JPG25-1200X800.jpg\" alt=\"\" width=\"1200\" height=\"800\" srcset=\"https:\/\/kolborshult.de\/wp-content\/uploads\/2018\/10\/Einkaufsm\u00f6glichkeiten-JPG25-1200X800.jpg 1200w, https:\/\/kolborshult.de\/wp-content\/uploads\/2018\/10\/Einkaufsm\u00f6glichkeiten-JPG25-1200X800-300x200.jpg 300w, https:\/\/kolborshult.de\/wp-content\/uploads\/2018\/10\/Einkaufsm\u00f6glichkeiten-JPG25-1200X800-768x512.jpg 768w, https:\/\/kolborshult.de\/wp-content\/uploads\/2018\/10\/Einkaufsm\u00f6glichkeiten-JPG25-1200X800-1024x683.jpg 1024w\" sizes=\"(max-width: 706px) 89vw, (max-width: 767px) 82vw, 740px\" \/><\/a><\/p>\n<p>In \u00c4lmhult, 10 Auto-minuten vom Haus gelegen, hat man alle Einkaufsm\u00f6glichkeiten. Hier gibt es 4 Superm\u00e4rkte: ICA, Netto, Willys und Coop Konsum. Es gibt mehrere Boutiquen mit Markenkleidung und eine Reihe anderer Gesch\u00e4fte, dazu zwei Banken und Geldautomaten. Daneben ist \u00c4lmhult als Hauptquartier von IKEA bekannt und es gibt nat\u00fcrlich ein gro\u00dfes IKEA-Warenhaus. W\u00fcnscht man eine gr\u00f6\u00dfere Auswahl an Gesch\u00e4ften und Shopping-M\u00f6glichkeiten, kann man nach V\u00e4xj\u00f6 fahren, eine Autostunde in Richtung Nordosten gelegen.<\/p>\n<h2>Naturreservaten in der N\u00e4he<\/h2>\n<p><a href=\"https:\/\/kolborshult.de\/wp-content\/uploads\/2018\/10\/Naturreservaten-in-der-N\u00e4he-JPG25-1200X800.jpg\"><img loading=\"lazy\" class=\"alignnone size-full wp-image-621\" src=\"https:\/\/kolborshult.de\/wp-content\/uploads\/2018\/10\/Naturreservaten-in-der-N\u00e4he-JPG25-1200X800.jpg\" alt=\"\" width=\"1200\" height=\"800\" srcset=\"https:\/\/kolborshult.de\/wp-content\/uploads\/2018\/10\/Naturreservaten-in-der-N\u00e4he-JPG25-1200X800.jpg 1200w, https:\/\/kolborshult.de\/wp-content\/uploads\/2018\/10\/Naturreservaten-in-der-N\u00e4he-JPG25-1200X800-300x200.jpg 300w, https:\/\/kolborshult.de\/wp-content\/uploads\/2018\/10\/Naturreservaten-in-der-N\u00e4he-JPG25-1200X800-768x512.jpg 768w, https:\/\/kolborshult.de\/wp-content\/uploads\/2018\/10\/Naturreservaten-in-der-N\u00e4he-JPG25-1200X800-1024x683.jpg 1024w\" sizes=\"(max-width: 706px) 89vw, (max-width: 767px) 82vw, 740px\" \/><\/a><\/p>\n<p>Die Kommune \u00c4lmhult liegt mittendrin der urspr\u00fcnglichen Landschaft der schwedischen Provinz Sm\u00e5land, und von hier aus k\u00f6nnen Sie zu Fu\u00df oder mit dem Rad viele zauberhafte Ecken entdecken. In der Gemeinde \u00c4lmhults gibt es nicht weniger als sieben Naturschutzgebiete! Sie k\u00f6nnen eine detaillierte Brosch\u00fcre \u00fcber diesen <a href=\"http:\/\/www.almhult.se\/download\/18.72fae573162ae19940a243e9\/1524043491559\/Cykel-%20och%20vandrarbroschyr%20tyska%20180321.pdf\" target=\"_blank\" rel=\"noopener\">Link<\/a> herunterladen. Die Brosch\u00fcre enth\u00e4lt auch 8 verschiedene Radfahrausfl\u00fcge im Bereich von 14 bis 38 Km. Wenn Sie zu Tax\u00e5s oder Kronans Naturschutzgebieten gehen, k\u00f6nnen Sie auch die Gelegenheit nutzen, das sehr sch\u00f6ne Herrenhaus <a href=\"https:\/\/www.mockelsnasherrgard.se\/index.cfm?lg=3\" target=\"_blank\" rel=\"noopener\">M\u00f6ckelsn\u00e4s<\/a> zu besuchen. Hier k\u00f6nnen Sie zum Beispiel ein sch\u00f6nes Mittagessen einnehmen oder Kuchen und Kaffee in dem sch\u00f6nen alten Restaurant mit Blick auf den gro\u00dfen See M\u00f6cklen genie\u00dfen.<\/p>\n<h2>Lille Petter Johans stuga<\/h2>\n<p><a href=\"https:\/\/kolborshult.de\/wp-content\/uploads\/2018\/10\/Lille-Petter-Johans-stuga-JPG30-1200X800.jpg\"><img loading=\"lazy\" class=\"alignnone size-full wp-image-625\" src=\"https:\/\/kolborshult.de\/wp-content\/uploads\/2018\/10\/Lille-Petter-Johans-stuga-JPG30-1200X800.jpg\" alt=\"\" width=\"1200\" height=\"800\" srcset=\"https:\/\/kolborshult.de\/wp-content\/uploads\/2018\/10\/Lille-Petter-Johans-stuga-JPG30-1200X800.jpg 1200w, https:\/\/kolborshult.de\/wp-content\/uploads\/2018\/10\/Lille-Petter-Johans-stuga-JPG30-1200X800-300x200.jpg 300w, https:\/\/kolborshult.de\/wp-content\/uploads\/2018\/10\/Lille-Petter-Johans-stuga-JPG30-1200X800-768x512.jpg 768w, https:\/\/kolborshult.de\/wp-content\/uploads\/2018\/10\/Lille-Petter-Johans-stuga-JPG30-1200X800-1024x683.jpg 1024w\" sizes=\"(max-width: 706px) 89vw, (max-width: 767px) 82vw, 740px\" \/><\/a><\/p>\n<p>Schwedische H\u00fctten sind oft klein, aber diese H\u00fctte ist so niedrig, dass die meisten Besucher nicht aufrecht stehen k\u00f6nnen. An diesem Ort im Land der Legenden befindet sich ein <a href=\"http:\/\/www.sagobygden.se\/sagenplatser\/lille-petter-johans-stuga\" target=\"_blank\" rel=\"noopener\">sehr kleiner Hof<\/a> aus dem 19. Jahrhundert, in dem einst der Schuhmacher Peter Johan Hagelkvist (1874-1952) lebte. Peter Johan war ungew\u00f6hnlich klein, 130cm, und alles in der H\u00fctte wurde an seine Gr\u00f6\u00dfe angepasst. Ein lustiger und historischer Besuch &#8211; auch mit Kindern.\u00a0Dies ist auch ein ausgezeichneter Ort f\u00fcr picknicken. Es gibt einen Tisch und man darf ein Feuer machen. Wenn Sie mit dem Auto anreisen, parken Sie bitte auf dem Parkplatz ca. 150 m von dem Hof entfernt.<\/p>\n<h2>Kulturpfad in Sj\u00f6astadbygd<\/h2>\n<p><a href=\"https:\/\/kolborshult.de\/wp-content\/uploads\/2018\/10\/Kulturpfad-in-Sj\u00f6astadbygd-JPG45-1200X800.jpg\"><img loading=\"lazy\" class=\"alignnone size-full wp-image-626\" src=\"https:\/\/kolborshult.de\/wp-content\/uploads\/2018\/10\/Kulturpfad-in-Sj\u00f6astadbygd-JPG45-1200X800.jpg\" alt=\"\" width=\"1200\" height=\"800\" srcset=\"https:\/\/kolborshult.de\/wp-content\/uploads\/2018\/10\/Kulturpfad-in-Sj\u00f6astadbygd-JPG45-1200X800.jpg 1200w, https:\/\/kolborshult.de\/wp-content\/uploads\/2018\/10\/Kulturpfad-in-Sj\u00f6astadbygd-JPG45-1200X800-300x200.jpg 300w, https:\/\/kolborshult.de\/wp-content\/uploads\/2018\/10\/Kulturpfad-in-Sj\u00f6astadbygd-JPG45-1200X800-768x512.jpg 768w, https:\/\/kolborshult.de\/wp-content\/uploads\/2018\/10\/Kulturpfad-in-Sj\u00f6astadbygd-JPG45-1200X800-1024x683.jpg 1024w\" sizes=\"(max-width: 706px) 89vw, (max-width: 767px) 82vw, 740px\" \/><\/a><\/p>\n<p>10 Minuten vom Haus entfernt f\u00fchrt ein Spazierweg von 7 km L\u00e4nge interessanter Reste fr\u00fcherer Ansiedlungen und heute vergessener Werkst\u00e4tten vorbei. <a href=\"http:\/\/www.almhult.se\/download\/18.72fae573162ae19940a243e9\/1524043491559\/Cykel-%20och%20vandrarbroschyr%20tyska%20180321.pdf\" target=\"_blank\" rel=\"noopener\">Link (seite 14)<\/a>. Die Gegend wurde unter anderem bekannt durch das Brennen von Teer und das Pechkochen. Dieser historische Kulturpfad ist auch ein sch\u00f6nes Naturerlebnis.\u00a0Einige der Dinge, die man sehen kann, sind: die Ruine einer Backstube, die Ruine einer Horizontalm\u00fchle, eine Opferquelle, einen Meilerplatz und die Reste einer K\u00f6hlerh\u00fctte, Teerkan\u00e4le, eine Teerkiefer, eine Sandgrube, Reste einer Werkzeug- und Waffenschmiede, Reste eines Pechkochofens, einen Pestfriedhof, eine Kartoffelgrube, einen urzeitlichen Rodungsacker, und die W\u00fcstung \u201cJordb\u00e4ralyckan\u201c.<\/p>\n<h2>Gustavsfors<\/h2>\n<p><a href=\"https:\/\/kolborshult.de\/wp-content\/uploads\/2018\/10\/Gustavsfors-JPG25-1200X800.jpg\"><img loading=\"lazy\" class=\"alignnone size-full wp-image-627\" src=\"https:\/\/kolborshult.de\/wp-content\/uploads\/2018\/10\/Gustavsfors-JPG25-1200X800.jpg\" alt=\"\" width=\"1200\" height=\"800\" srcset=\"https:\/\/kolborshult.de\/wp-content\/uploads\/2018\/10\/Gustavsfors-JPG25-1200X800.jpg 1200w, https:\/\/kolborshult.de\/wp-content\/uploads\/2018\/10\/Gustavsfors-JPG25-1200X800-300x200.jpg 300w, https:\/\/kolborshult.de\/wp-content\/uploads\/2018\/10\/Gustavsfors-JPG25-1200X800-768x512.jpg 768w, https:\/\/kolborshult.de\/wp-content\/uploads\/2018\/10\/Gustavsfors-JPG25-1200X800-1024x683.jpg 1024w\" sizes=\"(max-width: 706px) 89vw, (max-width: 767px) 82vw, 740px\" \/><\/a><\/p>\n<p><a href=\"http:\/\/www2.visitalmhult.se\/sv\/se-gora\/a489478\/gustavsfors_489478\/detaljer\" target=\"_blank\" rel=\"noopener\">Gustavsfors<\/a> war ein Zentrum f\u00fcr kleine Industrie im Dorf und z\u00e4hlte etwa zehn Fabriken. Heute zeugen Ruinen von der interessanten Geschichte des Ortes. Der Ursprung von Gustavsfors ist G\u00e5ryds Bauernhof. Der Bauernhof war einer der gr\u00f6\u00dften und angesehensten Bauernh\u00f6fer in Pj\u00e4tteryds Gemeinde. Ein 4,5 km langer Kultur- und Wanderweg wurde eingerichtet, der die verschiedenen Sehensw\u00fcrdigkeiten verbindet. Der Weg ist markiert und f\u00fchrt durch eine wundersch\u00f6ne Landschaft. Der Weg f\u00fchrt auch an antiken Ruinen aus den 1700er und 1800er Jahren vorbei und gibt Auskunft \u00fcber die Kleinindustrie, die in der Gegend vorhanden war. In der Vergangenheit gab es auch ein Gef\u00e4ngnis in der Gegend, das immer noch zu sehen ist &#8211; ziemlich grausam. Gustavsfors ist auch ber\u00fchmt f\u00fcr seine einzigartigen Fliegenfische.<\/p>\n<h2>IKEA Museum<\/h2>\n<p><a href=\"https:\/\/kolborshult.de\/wp-content\/uploads\/2018\/10\/IKEA-Museum-JPG40-1200X800.jpg\"><img loading=\"lazy\" class=\"alignnone size-full wp-image-629\" src=\"https:\/\/kolborshult.de\/wp-content\/uploads\/2018\/10\/IKEA-Museum-JPG40-1200X800.jpg\" alt=\"\" width=\"1200\" height=\"800\" srcset=\"https:\/\/kolborshult.de\/wp-content\/uploads\/2018\/10\/IKEA-Museum-JPG40-1200X800.jpg 1200w, https:\/\/kolborshult.de\/wp-content\/uploads\/2018\/10\/IKEA-Museum-JPG40-1200X800-300x200.jpg 300w, https:\/\/kolborshult.de\/wp-content\/uploads\/2018\/10\/IKEA-Museum-JPG40-1200X800-768x512.jpg 768w, https:\/\/kolborshult.de\/wp-content\/uploads\/2018\/10\/IKEA-Museum-JPG40-1200X800-1024x683.jpg 1024w\" sizes=\"(max-width: 706px) 89vw, (max-width: 767px) 82vw, 740px\" \/><\/a><\/p>\n<p>Das <a href=\"https:\/\/ikeamuseum.com\/en\/\" target=\"_blank\" rel=\"noopener\">IKEA Museum<\/a> f\u00fchrt Sie zuerst durch den Alltag im Sm\u00e5land des 19. Jahrhunderts, Ingvar Kamprads Kindheit auf dem Elmtaryd Bauernhof und die Transformation der schwedischen Gemeinschaft im 20. Jahrhundert. Es ist interessant, die Gemeinschaft, Lebensbedingungen und den Geist zu sehen, die in Schweden herrschten &#8211; was die Gesch\u00e4ftsidee des jungen Mannes f\u00f6rderte. Danach wird die IKEA-Geschichte von der Er\u00f6ffnung des ersten Ladens 1958 bis zur Gegenwart mit vielen interessanten Ausstellungen gezeigt. Es macht Spa\u00df, zu sehen, wie sich der Stil im Laufe der Jahre dramatisch ver\u00e4ndert hat! Es gibt auch ein Museumsrestaurant, das die klassischen IKEA-Gerichte serviert. Das IKEA-Museum befindet sich in \u00c4lmhult, 15 Auto-minuten vom Haus.<\/p>\n<h2>Linn\u00e9s R\u00e5shult<\/h2>\n<p><a href=\"https:\/\/kolborshult.de\/wp-content\/uploads\/2018\/10\/linnestugan-JPG35-1200X800.jpg\"><img loading=\"lazy\" class=\"alignnone size-full wp-image-630\" src=\"https:\/\/kolborshult.de\/wp-content\/uploads\/2018\/10\/linnestugan-JPG35-1200X800.jpg\" alt=\"\" width=\"1200\" height=\"800\" srcset=\"https:\/\/kolborshult.de\/wp-content\/uploads\/2018\/10\/linnestugan-JPG35-1200X800.jpg 1200w, https:\/\/kolborshult.de\/wp-content\/uploads\/2018\/10\/linnestugan-JPG35-1200X800-300x200.jpg 300w, https:\/\/kolborshult.de\/wp-content\/uploads\/2018\/10\/linnestugan-JPG35-1200X800-768x512.jpg 768w, https:\/\/kolborshult.de\/wp-content\/uploads\/2018\/10\/linnestugan-JPG35-1200X800-1024x683.jpg 1024w\" sizes=\"(max-width: 706px) 89vw, (max-width: 767px) 82vw, 740px\" \/><\/a><\/p>\n<p>Carl von Linn\u00e9 (1707-1778) war Schwedens ber\u00fchmtester Naturforscher und Botaniker. Sein Elternhaus ist heute <a href=\"https:\/\/linnesrashult.se\/index.cfm?lg=3\" target=\"_blank\" rel=\"noopener\">Freilichtmuseum<\/a>, etwa eine halbe Autostunde entfernt. Hier hat man die wieder geschaffenen G\u00e4rten aus Linn\u00e9s Zeiten und kann auf drei verschieden langen Kulturpfaden die \u00fcber ein gro\u00dfes Gebiet rekonstruierte Landschaft des 18. Jahrhunderts erleben. Gutes Caf\u00e9!<\/p>\n<p>&nbsp;<\/p>\n<p><a title=\"Preise &amp; Buchung\" href=\"https:\/\/kolborshult.de\/schweden-ferienhaus-am-see\">Weiter &gt;&gt;<\/a><\/p>\n","protected":false},"excerpt":{"rendered":"<p>Angeln Sowohl in unseren Seen als auch in der Flussstrecke der Helge Fluss, die an das Grundst\u00fcck grenzt, kann ohne Angelkarte angeln. In den Seen angelt sonst niemand, dort ist man ganz allein. Es gibt reichlich Brasse, Hechte und Rotaugen, aber auch viele andere Arten k\u00f6nnen an den Haken gehen. Im Winter ist Eisfischen m\u00f6glich. &hellip; <\/p>\n<p class=\"link-more\"><a href=\"https:\/\/kolborshult.de\/?page_id=63\" class=\"more-link\">Continue reading<span class=\"screen-reader-text\"> &#8220;Aktivit\u00e4ten&#8221;<\/span><\/a><\/p>\n","protected":false},"author":1,"featured_media":0,"parent":0,"menu_order":30,"comment_status":"closed","ping_status":"closed","template":"","meta":{"_monsterinsights_skip_tracking":false,"_monsterinsights_sitenote_active":false,"_monsterinsights_sitenote_note":"","_monsterinsights_sitenote_category":0},"_links":{"self":[{"href":"https:\/\/kolborshult.de\/index.php?rest_route=\/wp\/v2\/pages\/63"}],"collection":[{"href":"https:\/\/kolborshult.de\/index.php?rest_route=\/wp\/v2\/pages"}],"about":[{"href":"https:\/\/kolborshult.de\/index.php?rest_route=\/wp\/v2\/types\/page"}],"author":[{"embeddable":true,"href":"https:\/\/kolborshult.de\/index.php?rest_route=\/wp\/v2\/users\/1"}],"replies":[{"embeddable":true,"href":"https:\/\/kolborshult.de\/index.php?rest_route=%2Fwp%2Fv2%2Fcomments&post=63"}],"version-history":[{"count":50,"href":"https:\/\/kolborshult.de\/index.php?rest_route=\/wp\/v2\/pages\/63\/revisions"}],"predecessor-version":[{"id":729,"href":"https:\/\/kolborshult.de\/index.php?rest_route=\/wp\/v2\/pages\/63\/revisions\/729"}],"wp:attachment":[{"href":"https:\/\/kolborshult.de\/index.php?rest_route=%2Fwp%2Fv2%2Fmedia&parent=63"}],"curies":[{"name":"wp","href":"https:\/\/api.w.org\/{rel}","templated":true}]}}